{"id":14067,"date":"2024-08-28T15:14:40","date_gmt":"2024-08-28T15:14:40","guid":{"rendered":"https:\/\/www.clinomic.ai\/?page_id=14067"},"modified":"2026-01-21T13:24:32","modified_gmt":"2026-01-21T13:24:32","slug":"legal-notes","status":"publish","type":"page","link":"https:\/\/www.clinomic.ai\/ro\/legal-notes\/","title":{"rendered":"Legal notes"},"content":{"rendered":"<div data-aos=\"fade-up\" class=\"PlainText container my-5 \" id=\"PlainText-block_d1701e1b289d457804edabc8be635933\">\n\t<div class=\"row justify-content-center\">\n\t\t<div class=\"col-12 col-sm-12 mb-3 mb-sm-0\">\n\t\t\t<h1>Note legale<\/h1>\n<h3>Informa\u021bii \u00een conformitate cu Sec\u021biunea 5 TMG<\/h3>\n<p>Clinomic Group GmbH<br \/>\nStrada J\u00fclich 306<br \/>\n52070 Aachen<\/p>\n<p>Registrul Comertului: 25881<br \/>\nJudec\u0103toria de \u00eenregistrare: Judec\u0103toria Aachen<\/p>\n<p>Reprezentat de directorul general:<br \/>\nProf. Dr. Lukas Martin, Dr. Arne Peine<\/p>\n<h3>Contact<\/h3>\n<p>Telefon: 0241-89438737<br \/>\nFax: 0241-92788997<br \/>\nE-mail: info@clinomic.ai<\/p>\n<h3>ID de TVA<\/h3>\n<p>Num\u0103rul de identificare a taxei pe v\u00e2nz\u0103ri \u00een conformitate cu Sec\u021biunea 27 a din Legea privind impozitul pe v\u00e2nz\u0103ri:<\/p>\n<p>DE354797326<\/p>\n<h3>Autoritate de supraveghere<\/h3>\n<p>Guvernul districtului K\u00f6ln<br \/>\nzeughausstr. 2-10<br \/>\n50667 K\u00f6ln<br \/>\nTelefon: 0221 147-0<br \/>\nFax: 0221 147-3185<\/p>\n<h3>Denumirea postului \u0219i reglement\u0103rile profesionale<\/h3>\n<p>Titlul postului: Doctor<br \/>\nCamera responsabil\u0103: Asocia\u021bia Medical\u0103 a Rinului de Nord<br \/>\nPremiat de: Germania<br \/>\nSe aplic\u0103 urm\u0103toarele reglement\u0103ri profesionale: Reglement\u0103ri profesionale ale Asocia\u021biei Medicale a Rinului de Nord<br \/>\nRegulamentul poate fi consultat la: https:\/\/www.aekno.de\/page.asp?pageID=57<\/p>\n<h3>R\u0103spunz\u0103tor de con\u021binut conform sec\u021biunii 55 paragraful 2 RStV<\/h3>\n<p>Dr. med. Arne Peine<br \/>\nStrada J\u00fclich 306<br \/>\n52070 Aachen<\/p>\n<h3>Rezolvarea litigiilor<\/h3>\n<p>Comisia European\u0103 ofer\u0103 o platform\u0103 pentru solu\u021bionarea online a litigiilor (OS): https:\/\/ec.europa.eu\/consumers\/odr.<br \/>\nPute\u021bi g\u0103si adresa noastr\u0103 de e-mail \u00een avizul legal de mai sus.<\/p>\n<p>Nu suntem dispu\u0219i sau obliga\u021bi s\u0103 particip\u0103m la procedurile de solu\u021bionare a litigiilor \u00een fa\u021ba unei comisii de arbitraj pentru consumatori.<\/p>\n<h3>R\u0103spunderea pentru con\u021binut<\/h3>\n<p>\u00cen calitate de furnizor de servicii, suntem responsabili pentru propriul con\u021binut de pe aceste pagini \u00een conformitate cu legile generale, \u00een conformitate cu Sec\u021biunea 7 alineatul 1 TMG. Cu toate acestea, conform Sec\u021biunilor 8 p\u00e2n\u0103 la 10 TMG, \u00een calitate de furnizor de servicii nu suntem obliga\u021bi s\u0103 monitoriz\u0103m informa\u021biile transmise sau stocate de la ter\u021bi sau s\u0103 investig\u0103m circumstan\u021bele care indic\u0103 o activitate ilegal\u0103.<\/p>\n<p>Obliga\u021biile de a elimina sau de a bloca utilizarea informa\u021biilor \u00een conformitate cu legea general\u0103 r\u0103m\u00e2n neafectate. Cu toate acestea, r\u0103spunderea \u00een acest sens este posibil\u0103 numai din momentul cunoa\u0219terii unei anumite \u00eenc\u0103lc\u0103ri legale. Dac\u0103 afl\u0103m despre orice \u00eenc\u0103lc\u0103ri legale corespunz\u0103toare, vom elimina imediat acest con\u021binut.<\/p>\n<h3>R\u0103spunderea pentru linkuri<\/h3>\n<p>Oferta noastr\u0103 con\u021bine link-uri c\u0103tre site-uri externe ter\u021be asupra con\u021binutului c\u0103rora nu avem nicio influen\u021b\u0103. Prin urmare, nu ne putem asuma nicio r\u0103spundere pentru acest con\u021binut extern. Furnizorul sau operatorul respectiv al paginilor este \u00eentotdeauna responsabil pentru con\u021binutul paginilor legate. Paginile conectate au fost verificate pentru posibile \u00eenc\u0103lc\u0103ri legale la momentul conect\u0103rii. Con\u021binutul ilegal nu era evident la momentul conect\u0103rii.<\/p>\n<p>Cu toate acestea, controlul permanent al con\u021binutului paginilor linkate este nerezonabil f\u0103r\u0103 dovezi concrete ale unei \u00eenc\u0103lc\u0103ri legale. Dac\u0103 descoperim vreo \u00eenc\u0103lcare a legii, vom elimina imediat astfel de leg\u0103turi.<\/p>\n<h3>Drepturi de autor<\/h3>\n<p>Con\u021binutul \u0219i lucr\u0103rile de pe aceste pagini create de operatorii site-ului sunt supuse legii germane privind drepturile de autor. Reproducerea, prelucrarea, distribu\u021bia \u0219i orice fel de exploatare \u00een afara limitelor legii dreptului de autor necesit\u0103 acordul scris al autorului sau creatorului respectiv. Desc\u0103rc\u0103rile \u0219i copiile acestei pagini sunt permise numai pentru uz privat, necomercial.<\/p>\n<p>\u00cen cazul \u00een care con\u021binutul de pe acest site nu a fost creat de operator, drepturile de autor ale ter\u021bilor sunt respectate. \u00cen special, con\u021binutul ter\u021b\u0103 parte este marcat ca atare. \u00cen cazul \u00een care totu\u0219i deveni\u021bi con\u0219tien\u021bi de o \u00eenc\u0103lcare a drepturilor de autor, v\u0103 rug\u0103m s\u0103 ne informa\u021bi \u00een consecin\u021b\u0103. Dac\u0103 afl\u0103m vreo \u00eenc\u0103lcare a legii, vom elimina imediat acest con\u021binut.<\/p>\n<p>&nbsp;<\/p>\n<h3>Implementare<\/h3>\n<p><a href=\"https:\/\/www.happycoding.agency\">Crearea de site-uri web \u0219i asisten\u021b\u0103: happycoding Berlin<\/a><\/p>\n\t\t<\/div>\n\t<\/div>\n<\/div>\n\n\n\n<p><\/p>\n","protected":false},"excerpt":{"rendered":"<p> [&#8230;]<\/p>\n<p><a class=\"btn btn-secondary understrap-read-more-link\" href=\"https:\/\/www.clinomic.ai\/ro\/legal-notes\/\">Read More&#8230;<\/a><\/p>\n","protected":false},"author":12,"featured_media":0,"parent":0,"menu_order":0,"comment_status":"closed","ping_status":"closed","template":"","meta":{"_acf_changed":false,"iawp_total_views":103,"footnotes":""},"class_list":["post-14067","page","type-page","status-publish","hentry"],"acf":[],"yoast_head":"<!-- This site is optimized with the Yoast SEO plugin v24.8.1 - https:\/\/yoast.com\/wordpress\/plugins\/seo\/ -->\n<title>Legal notes - Clinomic<\/title>\n<meta name=\"robots\" content=\"index, follow, max-snippet:-1, max-image-preview:large, max-video-preview:-1\" \/>\n<link rel=\"canonical\" href=\"https:\/\/www.clinomic.ai\/ro\/legal-notes\/\" \/>\n<meta property=\"og:locale\" content=\"ro_RO\" \/>\n<meta property=\"og:type\" content=\"article\" \/>\n<meta property=\"og:title\" content=\"Legal notes - Clinomic\" \/>\n<meta property=\"og:description\" content=\"[...]Read More...\" \/>\n<meta property=\"og:url\" content=\"https:\/\/www.clinomic.ai\/ro\/legal-notes\/\" \/>\n<meta property=\"og:site_name\" content=\"Clinomic\" \/>\n<meta property=\"article:modified_time\" content=\"2026-01-21T13:24:32+00:00\" \/>\n<meta name=\"twitter:card\" content=\"summary_large_image\" \/>\n<script type=\"application\/ld+json\" class=\"yoast-schema-graph\">{\"@context\":\"https:\/\/schema.org\",\"@graph\":[{\"@type\":\"WebPage\",\"@id\":\"https:\/\/www.clinomic.ai\/ro\/legal-notes\/\",\"url\":\"https:\/\/www.clinomic.ai\/ro\/legal-notes\/\",\"name\":\"Legal notes - Clinomic\",\"isPartOf\":{\"@id\":\"https:\/\/www.clinomic.ai\/#website\"},\"datePublished\":\"2024-08-28T15:14:40+00:00\",\"dateModified\":\"2026-01-21T13:24:32+00:00\",\"breadcrumb\":{\"@id\":\"https:\/\/www.clinomic.ai\/ro\/legal-notes\/#breadcrumb\"},\"inLanguage\":\"ro-RO\",\"potentialAction\":[{\"@type\":\"ReadAction\",\"target\":[\"https:\/\/www.clinomic.ai\/ro\/legal-notes\/\"]}]},{\"@type\":\"BreadcrumbList\",\"@id\":\"https:\/\/www.clinomic.ai\/ro\/legal-notes\/#breadcrumb\",\"itemListElement\":[{\"@type\":\"ListItem\",\"position\":1,\"name\":\"Startseite\",\"item\":\"https:\/\/www.clinomic.ai\/ro\/\"},{\"@type\":\"ListItem\",\"position\":2,\"name\":\"Legal notes\"}]},{\"@type\":\"WebSite\",\"@id\":\"https:\/\/www.clinomic.ai\/#website\",\"url\":\"https:\/\/www.clinomic.ai\/\",\"name\":\"Clinomic\",\"description\":\"Rethinking Critical Care\",\"potentialAction\":[{\"@type\":\"SearchAction\",\"target\":{\"@type\":\"EntryPoint\",\"urlTemplate\":\"https:\/\/www.clinomic.ai\/?s={search_term_string}\"},\"query-input\":{\"@type\":\"PropertyValueSpecification\",\"valueRequired\":true,\"valueName\":\"search_term_string\"}}],\"inLanguage\":\"ro-RO\"}]}<\/script>\n<!-- \/ Yoast SEO plugin. -->","yoast_head_json":{"title":"Legal notes - Clinomic","robots":{"index":"index","follow":"follow","max-snippet":"max-snippet:-1","max-image-preview":"max-image-preview:large","max-video-preview":"max-video-preview:-1"},"canonical":"https:\/\/www.clinomic.ai\/ro\/legal-notes\/","og_locale":"ro_RO","og_type":"article","og_title":"Legal notes - Clinomic","og_description":"[...]Read More...","og_url":"https:\/\/www.clinomic.ai\/ro\/legal-notes\/","og_site_name":"Clinomic","article_modified_time":"2026-01-21T13:24:32+00:00","twitter_card":"summary_large_image","schema":{"@context":"https:\/\/schema.org","@graph":[{"@type":"WebPage","@id":"https:\/\/www.clinomic.ai\/ro\/legal-notes\/","url":"https:\/\/www.clinomic.ai\/ro\/legal-notes\/","name":"Legal notes - Clinomic","isPartOf":{"@id":"https:\/\/www.clinomic.ai\/#website"},"datePublished":"2024-08-28T15:14:40+00:00","dateModified":"2026-01-21T13:24:32+00:00","breadcrumb":{"@id":"https:\/\/www.clinomic.ai\/ro\/legal-notes\/#breadcrumb"},"inLanguage":"ro-RO","potentialAction":[{"@type":"ReadAction","target":["https:\/\/www.clinomic.ai\/ro\/legal-notes\/"]}]},{"@type":"BreadcrumbList","@id":"https:\/\/www.clinomic.ai\/ro\/legal-notes\/#breadcrumb","itemListElement":[{"@type":"ListItem","position":1,"name":"Startseite","item":"https:\/\/www.clinomic.ai\/ro\/"},{"@type":"ListItem","position":2,"name":"Legal notes"}]},{"@type":"WebSite","@id":"https:\/\/www.clinomic.ai\/#website","url":"https:\/\/www.clinomic.ai\/","name":"Clinomic","description":"Rethinking Critical Care","potentialAction":[{"@type":"SearchAction","target":{"@type":"EntryPoint","urlTemplate":"https:\/\/www.clinomic.ai\/?s={search_term_string}"},"query-input":{"@type":"PropertyValueSpecification","valueRequired":true,"valueName":"search_term_string"}}],"inLanguage":"ro-RO"}]}},"_links":{"self":[{"href":"https:\/\/www.clinomic.ai\/ro\/wp-json\/wp\/v2\/pages\/14067"}],"collection":[{"href":"https:\/\/www.clinomic.ai\/ro\/wp-json\/wp\/v2\/pages"}],"about":[{"href":"https:\/\/www.clinomic.ai\/ro\/wp-json\/wp\/v2\/types\/page"}],"author":[{"embeddable":true,"href":"https:\/\/www.clinomic.ai\/ro\/wp-json\/wp\/v2\/users\/12"}],"replies":[{"embeddable":true,"href":"https:\/\/www.clinomic.ai\/ro\/wp-json\/wp\/v2\/comments?post=14067"}],"version-history":[{"count":6,"href":"https:\/\/www.clinomic.ai\/ro\/wp-json\/wp\/v2\/pages\/14067\/revisions"}],"predecessor-version":[{"id":17007,"href":"https:\/\/www.clinomic.ai\/ro\/wp-json\/wp\/v2\/pages\/14067\/revisions\/17007"}],"wp:attachment":[{"href":"https:\/\/www.clinomic.ai\/ro\/wp-json\/wp\/v2\/media?parent=14067"}],"curies":[{"name":"wp","href":"https:\/\/api.w.org\/{rel}","templated":true}]}}